{"id":9371,"date":"2023-03-07T14:32:27","date_gmt":"2023-03-07T14:32:27","guid":{"rendered":"https:\/\/uamd.edu.al\/?page_id=9371"},"modified":"2025-09-10T13:08:12","modified_gmt":"2025-09-10T13:08:12","slug":"njsbc-uamd","status":"publish","type":"page","link":"https:\/\/uamd.edu.al\/en\/njsbc-uamd\/","title":{"rendered":"IQAU"},"content":{"rendered":"","protected":false},"excerpt":{"rendered":"","protected":false},"author":1,"featured_media":0,"parent":0,"menu_order":0,"comment_status":"closed","ping_status":"closed","template":"","meta":{"footnotes":""},"class_list":["post-9371","page","type-page","status-publish","hentry"],"yoast_head":"<!-- This site is optimized with the Yoast SEO plugin v27.3 - https:\/\/yoast.com\/product\/yoast-seo-wordpress\/ -->\n<title>NJSBC - Universiteti &quot;Aleksand\u00ebr Moisiu&quot;<\/title>\n<meta name=\"description\" content=\"Sigurimi i brendsh\u00ebm i cil\u00ebsis\u00eb \u00ebsht\u00eb nj\u00eb detyrim ligjor i institucioneve t\u00eb arsimit t\u00eb lart\u00eb duke qen\u00eb p\u00ebrgjegj\u00ebse p\u00ebr hartimin e politikave dhe procedurave p\u00ebr sigurimin e cil\u00ebsis\u00eb. Ky sistem, ngrihet nga institucionet e arsimit t\u00eb lart\u00eb dhe funksionon n\u00ebp\u00ebrmjet nj\u00ebsis\u00eb s\u00eb sigurimit t\u00eb brendsh\u00ebm t\u00eb cil\u00ebsis\u00eb. Struktura dhe funksionet e k\u00ebsaj nj\u00ebsie p\u00ebrcaktohen ne statutin e institucioneve t\u00eb arsimit t\u00eb lart\u00eb.\" \/>\n<meta name=\"robots\" content=\"index, follow, max-snippet:-1, max-image-preview:large, max-video-preview:-1\" \/>\n<link rel=\"canonical\" href=\"https:\/\/uamd.edu.al\/en\/njsbc-uamd\/\" \/>\n<meta property=\"og:locale\" content=\"en_US\" \/>\n<meta property=\"og:type\" content=\"article\" \/>\n<meta property=\"og:title\" content=\"NJSBC - Universiteti &quot;Aleksand\u00ebr Moisiu&quot;\" \/>\n<meta property=\"og:description\" content=\"Sigurimi i brendsh\u00ebm i cil\u00ebsis\u00eb \u00ebsht\u00eb nj\u00eb detyrim ligjor i institucioneve t\u00eb arsimit t\u00eb lart\u00eb duke qen\u00eb p\u00ebrgjegj\u00ebse p\u00ebr hartimin e politikave dhe procedurave p\u00ebr sigurimin e cil\u00ebsis\u00eb. Ky sistem, ngrihet nga institucionet e arsimit t\u00eb lart\u00eb dhe funksionon n\u00ebp\u00ebrmjet nj\u00ebsis\u00eb s\u00eb sigurimit t\u00eb brendsh\u00ebm t\u00eb cil\u00ebsis\u00eb. Struktura dhe funksionet e k\u00ebsaj nj\u00ebsie p\u00ebrcaktohen ne statutin e institucioneve t\u00eb arsimit t\u00eb lart\u00eb.\" \/>\n<meta property=\"og:url\" content=\"https:\/\/uamd.edu.al\/en\/njsbc-uamd\/\" \/>\n<meta property=\"og:site_name\" content=\"Universiteti &quot;Aleksand\u00ebr Moisiu&quot;\" \/>\n<meta property=\"article:publisher\" content=\"https:\/\/www.instagram.com\/uamdofficial\/\" \/>\n<meta property=\"article:modified_time\" content=\"2025-09-10T13:08:12+00:00\" \/>\n<meta name=\"twitter:card\" content=\"summary_large_image\" \/>\n<meta name=\"twitter:site\" content=\"@UAMDofficial\" \/>\n<script type=\"application\/ld+json\" class=\"yoast-schema-graph\">{\"@context\":\"https:\\\/\\\/schema.org\",\"@graph\":[{\"@type\":\"WebPage\",\"@id\":\"https:\\\/\\\/uamd.edu.al\\\/njsbc-uamd\\\/\",\"url\":\"https:\\\/\\\/uamd.edu.al\\\/njsbc-uamd\\\/\",\"name\":\"NJSBC - Universiteti &quot;Aleksand\u00ebr Moisiu&quot;\",\"isPartOf\":{\"@id\":\"https:\\\/\\\/uamd.edu.al\\\/#website\"},\"datePublished\":\"2023-03-07T14:32:27+00:00\",\"dateModified\":\"2025-09-10T13:08:12+00:00\",\"description\":\"Sigurimi i brendsh\u00ebm i cil\u00ebsis\u00eb \u00ebsht\u00eb nj\u00eb detyrim ligjor i institucioneve t\u00eb arsimit t\u00eb lart\u00eb duke qen\u00eb p\u00ebrgjegj\u00ebse p\u00ebr hartimin e politikave dhe procedurave p\u00ebr sigurimin e cil\u00ebsis\u00eb. Ky sistem, ngrihet nga institucionet e arsimit t\u00eb lart\u00eb dhe funksionon n\u00ebp\u00ebrmjet nj\u00ebsis\u00eb s\u00eb sigurimit t\u00eb brendsh\u00ebm t\u00eb cil\u00ebsis\u00eb. Struktura dhe funksionet e k\u00ebsaj nj\u00ebsie p\u00ebrcaktohen ne statutin e institucioneve t\u00eb arsimit t\u00eb lart\u00eb.\",\"breadcrumb\":{\"@id\":\"https:\\\/\\\/uamd.edu.al\\\/njsbc-uamd\\\/#breadcrumb\"},\"inLanguage\":\"en-US\",\"potentialAction\":[{\"@type\":\"ReadAction\",\"target\":[\"https:\\\/\\\/uamd.edu.al\\\/njsbc-uamd\\\/\"]}]},{\"@type\":\"BreadcrumbList\",\"@id\":\"https:\\\/\\\/uamd.edu.al\\\/njsbc-uamd\\\/#breadcrumb\",\"itemListElement\":[{\"@type\":\"ListItem\",\"position\":1,\"name\":\"Home\",\"item\":\"https:\\\/\\\/uamd.edu.al\\\/\"},{\"@type\":\"ListItem\",\"position\":2,\"name\":\"NJSBC\"}]},{\"@type\":\"WebSite\",\"@id\":\"https:\\\/\\\/uamd.edu.al\\\/#website\",\"url\":\"https:\\\/\\\/uamd.edu.al\\\/\",\"name\":\"Universiteti &quot;Aleksand\u00ebr Moisiu&quot;\",\"description\":\"\",\"publisher\":{\"@id\":\"https:\\\/\\\/uamd.edu.al\\\/#organization\"},\"potentialAction\":[{\"@type\":\"SearchAction\",\"target\":{\"@type\":\"EntryPoint\",\"urlTemplate\":\"https:\\\/\\\/uamd.edu.al\\\/?s={search_term_string}\"},\"query-input\":{\"@type\":\"PropertyValueSpecification\",\"valueRequired\":true,\"valueName\":\"search_term_string\"}}],\"inLanguage\":\"en-US\"},{\"@type\":\"Organization\",\"@id\":\"https:\\\/\\\/uamd.edu.al\\\/#organization\",\"name\":\"Universiteti Aleksand\u00ebr Moisiu\",\"url\":\"https:\\\/\\\/uamd.edu.al\\\/\",\"logo\":{\"@type\":\"ImageObject\",\"inLanguage\":\"en-US\",\"@id\":\"https:\\\/\\\/uamd.edu.al\\\/#\\\/schema\\\/logo\\\/image\\\/\",\"url\":\"https:\\\/\\\/uamd.edu.al\\\/wp-content\\\/uploads\\\/2022\\\/07\\\/cropped-Universiteti_i_Durresit__Aleksander_Moisiu_.svg.png\",\"contentUrl\":\"https:\\\/\\\/uamd.edu.al\\\/wp-content\\\/uploads\\\/2022\\\/07\\\/cropped-Universiteti_i_Durresit__Aleksander_Moisiu_.svg.png\",\"width\":512,\"height\":512,\"caption\":\"Universiteti Aleksand\u00ebr Moisiu\"},\"image\":{\"@id\":\"https:\\\/\\\/uamd.edu.al\\\/#\\\/schema\\\/logo\\\/image\\\/\"},\"sameAs\":[\"https:\\\/\\\/www.instagram.com\\\/uamdofficial\\\/\",\"https:\\\/\\\/x.com\\\/UAMDofficial\"]}]}<\/script>\n<!-- \/ Yoast SEO plugin. -->","yoast_head_json":{"title":"NJSBC - Universiteti &quot;Aleksand\u00ebr Moisiu&quot;","description":"Internal quality assurance is a legal obligation of higher education institutions, which are responsible for developing policies and procedures for quality assurance. This system is established by higher education institutions and operates through the internal quality assurance unit. The structure and functions of this unit are defined in the statute of higher education institutions.","robots":{"index":"index","follow":"follow","max-snippet":"max-snippet:-1","max-image-preview":"max-image-preview:large","max-video-preview":"max-video-preview:-1"},"canonical":"https:\/\/uamd.edu.al\/en\/njsbc-uamd\/","og_locale":"en_US","og_type":"article","og_title":"NJSBC - Universiteti &quot;Aleksand\u00ebr Moisiu&quot;","og_description":"Sigurimi i brendsh\u00ebm i cil\u00ebsis\u00eb \u00ebsht\u00eb nj\u00eb detyrim ligjor i institucioneve t\u00eb arsimit t\u00eb lart\u00eb duke qen\u00eb p\u00ebrgjegj\u00ebse p\u00ebr hartimin e politikave dhe procedurave p\u00ebr sigurimin e cil\u00ebsis\u00eb. Ky sistem, ngrihet nga institucionet e arsimit t\u00eb lart\u00eb dhe funksionon n\u00ebp\u00ebrmjet nj\u00ebsis\u00eb s\u00eb sigurimit t\u00eb brendsh\u00ebm t\u00eb cil\u00ebsis\u00eb. Struktura dhe funksionet e k\u00ebsaj nj\u00ebsie p\u00ebrcaktohen ne statutin e institucioneve t\u00eb arsimit t\u00eb lart\u00eb.","og_url":"https:\/\/uamd.edu.al\/en\/njsbc-uamd\/","og_site_name":"Universiteti &quot;Aleksand\u00ebr Moisiu&quot;","article_publisher":"https:\/\/www.instagram.com\/uamdofficial\/","article_modified_time":"2025-09-10T13:08:12+00:00","twitter_card":"summary_large_image","twitter_site":"@UAMDofficial","schema":{"@context":"https:\/\/schema.org","@graph":[{"@type":"WebPage","@id":"https:\/\/uamd.edu.al\/njsbc-uamd\/","url":"https:\/\/uamd.edu.al\/njsbc-uamd\/","name":"NJSBC - Universiteti &quot;Aleksand\u00ebr Moisiu&quot;","isPartOf":{"@id":"https:\/\/uamd.edu.al\/#website"},"datePublished":"2023-03-07T14:32:27+00:00","dateModified":"2025-09-10T13:08:12+00:00","description":"Internal quality assurance is a legal obligation of higher education institutions, which are responsible for developing policies and procedures for quality assurance. This system is established by higher education institutions and operates through the internal quality assurance unit. The structure and functions of this unit are defined in the statute of higher education institutions.","breadcrumb":{"@id":"https:\/\/uamd.edu.al\/njsbc-uamd\/#breadcrumb"},"inLanguage":"en-US","potentialAction":[{"@type":"ReadAction","target":["https:\/\/uamd.edu.al\/njsbc-uamd\/"]}]},{"@type":"BreadcrumbList","@id":"https:\/\/uamd.edu.al\/njsbc-uamd\/#breadcrumb","itemListElement":[{"@type":"ListItem","position":1,"name":"Home","item":"https:\/\/uamd.edu.al\/"},{"@type":"ListItem","position":2,"name":"NJSBC"}]},{"@type":"WebSite","@id":"https:\/\/uamd.edu.al\/#website","url":"https:\/\/uamd.edu.al\/","name":"Universiteti &quot;Aleksand\u00ebr Moisiu&quot;","description":"","publisher":{"@id":"https:\/\/uamd.edu.al\/#organization"},"potentialAction":[{"@type":"SearchAction","target":{"@type":"EntryPoint","urlTemplate":"https:\/\/uamd.edu.al\/?s={search_term_string}"},"query-input":{"@type":"PropertyValueSpecification","valueRequired":true,"valueName":"search_term_string"}}],"inLanguage":"en-US"},{"@type":"Organization","@id":"https:\/\/uamd.edu.al\/#organization","name":"Universiteti Aleksand\u00ebr Moisiu","url":"https:\/\/uamd.edu.al\/","logo":{"@type":"ImageObject","inLanguage":"en-US","@id":"https:\/\/uamd.edu.al\/#\/schema\/logo\/image\/","url":"https:\/\/uamd.edu.al\/wp-content\/uploads\/2022\/07\/cropped-Universiteti_i_Durresit__Aleksander_Moisiu_.svg.png","contentUrl":"https:\/\/uamd.edu.al\/wp-content\/uploads\/2022\/07\/cropped-Universiteti_i_Durresit__Aleksander_Moisiu_.svg.png","width":512,"height":512,"caption":"Universiteti Aleksand\u00ebr Moisiu"},"image":{"@id":"https:\/\/uamd.edu.al\/#\/schema\/logo\/image\/"},"sameAs":["https:\/\/www.instagram.com\/uamdofficial\/","https:\/\/x.com\/UAMDofficial"]}]}},"_links":{"self":[{"href":"https:\/\/uamd.edu.al\/en\/wp-json\/wp\/v2\/pages\/9371","targetHints":{"allow":["GET"]}}],"collection":[{"href":"https:\/\/uamd.edu.al\/en\/wp-json\/wp\/v2\/pages"}],"about":[{"href":"https:\/\/uamd.edu.al\/en\/wp-json\/wp\/v2\/types\/page"}],"author":[{"embeddable":true,"href":"https:\/\/uamd.edu.al\/en\/wp-json\/wp\/v2\/users\/1"}],"replies":[{"embeddable":true,"href":"https:\/\/uamd.edu.al\/en\/wp-json\/wp\/v2\/comments?post=9371"}],"version-history":[{"count":0,"href":"https:\/\/uamd.edu.al\/en\/wp-json\/wp\/v2\/pages\/9371\/revisions"}],"wp:attachment":[{"href":"https:\/\/uamd.edu.al\/en\/wp-json\/wp\/v2\/media?parent=9371"}],"curies":[{"name":"wp","href":"https:\/\/api.w.org\/{rel}","templated":true}]}}