{"id":7556,"date":"2022-09-26T12:15:17","date_gmt":"2022-09-26T12:15:17","guid":{"rendered":"https:\/\/uamd.edu.al\/?page_id=7556"},"modified":"2026-01-30T09:22:56","modified_gmt":"2026-01-30T09:22:56","slug":"kalendari-akademik","status":"publish","type":"page","link":"https:\/\/uamd.edu.al\/en\/kalendari-akademik\/","title":{"rendered":"Academic Calendar"},"content":{"rendered":"<p><strong>2025-202<\/strong>6<\/p>\n\n\n        <div id=\"ep-gutenberg-content-2037f05e6feb135187d331834b62d2be\" class=\"ep-gutenberg-content aligncenter ep-percentage-width   ep-content-protection-disabled\">\n            <div class=\"embedpress-inner-iframe emebedpress-unit-percent ep-doc-2037f05e6feb135187d331834b62d2be\" style=\"max-width:600%\" id=\"embedpress-pdf-1759751486351\">\n                <div >\n                    <div class=\"ep-embed-content-wraper\"><div class=\"position-right-wraper gutenberg-pdf-wraper\"><iframe title=\"Kalendari akademik 2025-2026\" class=\"embedpress-embed-document-pdf embedpress-pdf-1759751486351\" style=\"width:600%;height:600px; max-width:100%; display: inline-block\" src=\"https:\/\/uamd.edu.al\/wp-admin\/admin-ajax.php?action=get_flipbook_viewer&#038;file=https%3A%2F%2Fuamd.edu.al%2Fwp-content%2Fuploads%2F2025%2F10%2FKalendari-akademik-2025-2026.pdf&#038;key=dGhlbWVNb2RlPWRlZmF1bHQmdG9vbGJhcj10cnVlJnBvc2l0aW9uPXRvcCZwcmVzZW50YXRpb249dHJ1ZSZsYXp5TG9hZD1mYWxzZSZkb3dubG9hZD10cnVlJmNvcHlfdGV4dD10cnVlJmFkZF90ZXh0PXRydWUmZHJhdz1mYWxzZSZkb2Nfcm90YXRpb249dHJ1ZSZhZGRfaW1hZ2U9dHJ1ZSZkb2NfZGV0YWlscz10cnVlJnpvb21faW49dHJ1ZSZ6b29tX291dD10cnVlJmZpdF92aWV3PXRydWUmYm9va21hcms9dHJ1ZSZmbGlwYm9va190b29sYmFyX3Bvc2l0aW9uPWJvdHRvbSZzZWxlY3Rpb25fdG9vbD0wJnNjcm9sbGluZz0tMSZzcHJlYWRzPS0xJndhdGVybWFya190ZXh0PSZ3YXRlcm1hcmtfZm9udF9zaXplPTQ4JndhdGVybWFya19jb2xvcj0lMjMwMDAwMDAmd2F0ZXJtYXJrX29wYWNpdHk9MTUmd2F0ZXJtYXJrX3N0eWxlPWNlbnRlcg==\" frameborder=\"0\" oncontextmenu=\"return false;\"><\/iframe> <p class=\"embedpress-el-powered\">Powered By EmbedPress<\/p><\/div><\/div>                <\/div>\n            <\/div>\n        <\/div>\n    \n\n\n<p>The academic calendar may change based on the decisions of the MASR.<br>In cases where the official holiday falls on a weekly holiday (Saturday or Sunday), Monday is a day off.<br><strong>Note<\/strong>: The dates of Eid al-Adha and Eid al-Fitr holidays may change according to the lunar calendar. If there are any changes, you will be notified with a second announcement.<\/p>","protected":false},"excerpt":{"rendered":"<p>2025-2026 Kalendari akademik mund t\u00eb ndryshoj\u00eb duke u bazuar n\u00eb vendimet e MASRN\u00eb rastet kur festa zyrtare bie n\u00eb dit\u00ebt [&hellip;]<\/p>\n","protected":false},"author":1,"featured_media":0,"parent":0,"menu_order":0,"comment_status":"closed","ping_status":"closed","template":"","meta":{"footnotes":""},"class_list":["post-7556","page","type-page","status-publish","hentry"],"yoast_head":"<!-- This site is optimized with the Yoast SEO plugin v27.3 - https:\/\/yoast.com\/product\/yoast-seo-wordpress\/ -->\n<title>Kalendari Akademik - Universiteti &quot;Aleksand\u00ebr Moisiu&quot;<\/title>\n<meta name=\"robots\" content=\"index, follow, max-snippet:-1, max-image-preview:large, max-video-preview:-1\" \/>\n<link rel=\"canonical\" href=\"https:\/\/uamd.edu.al\/en\/kalendari-akademik\/\" \/>\n<meta property=\"og:locale\" content=\"en_US\" \/>\n<meta property=\"og:type\" content=\"article\" \/>\n<meta property=\"og:title\" content=\"Kalendari Akademik - Universiteti &quot;Aleksand\u00ebr Moisiu&quot;\" \/>\n<meta property=\"og:description\" content=\"2025-2026 Kalendari akademik mund t\u00eb ndryshoj\u00eb duke u bazuar n\u00eb vendimet e MASRN\u00eb rastet kur festa zyrtare bie n\u00eb dit\u00ebt [&hellip;]\" \/>\n<meta property=\"og:url\" content=\"https:\/\/uamd.edu.al\/en\/kalendari-akademik\/\" \/>\n<meta property=\"og:site_name\" content=\"Universiteti &quot;Aleksand\u00ebr Moisiu&quot;\" \/>\n<meta property=\"article:publisher\" content=\"https:\/\/www.instagram.com\/uamdofficial\/\" \/>\n<meta property=\"article:modified_time\" content=\"2026-01-30T09:22:56+00:00\" \/>\n<meta name=\"twitter:card\" content=\"summary_large_image\" \/>\n<meta name=\"twitter:site\" content=\"@UAMDofficial\" \/>\n<meta name=\"twitter:label1\" content=\"Est. reading time\" \/>\n\t<meta name=\"twitter:data1\" content=\"1 minute\" \/>\n<script type=\"application\/ld+json\" class=\"yoast-schema-graph\">{\"@context\":\"https:\\\/\\\/schema.org\",\"@graph\":[{\"@type\":\"WebPage\",\"@id\":\"https:\\\/\\\/uamd.edu.al\\\/kalendari-akademik\\\/\",\"url\":\"https:\\\/\\\/uamd.edu.al\\\/kalendari-akademik\\\/\",\"name\":\"Kalendari Akademik - Universiteti &quot;Aleksand\u00ebr Moisiu&quot;\",\"isPartOf\":{\"@id\":\"https:\\\/\\\/uamd.edu.al\\\/#website\"},\"datePublished\":\"2022-09-26T12:15:17+00:00\",\"dateModified\":\"2026-01-30T09:22:56+00:00\",\"breadcrumb\":{\"@id\":\"https:\\\/\\\/uamd.edu.al\\\/kalendari-akademik\\\/#breadcrumb\"},\"inLanguage\":\"en-US\",\"potentialAction\":[{\"@type\":\"ReadAction\",\"target\":[\"https:\\\/\\\/uamd.edu.al\\\/kalendari-akademik\\\/\"]}]},{\"@type\":\"BreadcrumbList\",\"@id\":\"https:\\\/\\\/uamd.edu.al\\\/kalendari-akademik\\\/#breadcrumb\",\"itemListElement\":[{\"@type\":\"ListItem\",\"position\":1,\"name\":\"Home\",\"item\":\"https:\\\/\\\/uamd.edu.al\\\/\"},{\"@type\":\"ListItem\",\"position\":2,\"name\":\"Kalendari Akademik\"}]},{\"@type\":\"WebSite\",\"@id\":\"https:\\\/\\\/uamd.edu.al\\\/#website\",\"url\":\"https:\\\/\\\/uamd.edu.al\\\/\",\"name\":\"Universiteti &quot;Aleksand\u00ebr Moisiu&quot;\",\"description\":\"\",\"publisher\":{\"@id\":\"https:\\\/\\\/uamd.edu.al\\\/#organization\"},\"potentialAction\":[{\"@type\":\"SearchAction\",\"target\":{\"@type\":\"EntryPoint\",\"urlTemplate\":\"https:\\\/\\\/uamd.edu.al\\\/?s={search_term_string}\"},\"query-input\":{\"@type\":\"PropertyValueSpecification\",\"valueRequired\":true,\"valueName\":\"search_term_string\"}}],\"inLanguage\":\"en-US\"},{\"@type\":\"Organization\",\"@id\":\"https:\\\/\\\/uamd.edu.al\\\/#organization\",\"name\":\"Universiteti Aleksand\u00ebr Moisiu\",\"url\":\"https:\\\/\\\/uamd.edu.al\\\/\",\"logo\":{\"@type\":\"ImageObject\",\"inLanguage\":\"en-US\",\"@id\":\"https:\\\/\\\/uamd.edu.al\\\/#\\\/schema\\\/logo\\\/image\\\/\",\"url\":\"https:\\\/\\\/uamd.edu.al\\\/wp-content\\\/uploads\\\/2022\\\/07\\\/cropped-Universiteti_i_Durresit__Aleksander_Moisiu_.svg.png\",\"contentUrl\":\"https:\\\/\\\/uamd.edu.al\\\/wp-content\\\/uploads\\\/2022\\\/07\\\/cropped-Universiteti_i_Durresit__Aleksander_Moisiu_.svg.png\",\"width\":512,\"height\":512,\"caption\":\"Universiteti Aleksand\u00ebr Moisiu\"},\"image\":{\"@id\":\"https:\\\/\\\/uamd.edu.al\\\/#\\\/schema\\\/logo\\\/image\\\/\"},\"sameAs\":[\"https:\\\/\\\/www.instagram.com\\\/uamdofficial\\\/\",\"https:\\\/\\\/x.com\\\/UAMDofficial\"]}]}<\/script>\n<!-- \/ Yoast SEO plugin. -->","yoast_head_json":{"title":"Kalendari Akademik - Universiteti &quot;Aleksand\u00ebr Moisiu&quot;","robots":{"index":"index","follow":"follow","max-snippet":"max-snippet:-1","max-image-preview":"max-image-preview:large","max-video-preview":"max-video-preview:-1"},"canonical":"https:\/\/uamd.edu.al\/en\/kalendari-akademik\/","og_locale":"en_US","og_type":"article","og_title":"Kalendari Akademik - Universiteti &quot;Aleksand\u00ebr Moisiu&quot;","og_description":"2025-2026 Kalendari akademik mund t\u00eb ndryshoj\u00eb duke u bazuar n\u00eb vendimet e MASRN\u00eb rastet kur festa zyrtare bie n\u00eb dit\u00ebt [&hellip;]","og_url":"https:\/\/uamd.edu.al\/en\/kalendari-akademik\/","og_site_name":"Universiteti &quot;Aleksand\u00ebr Moisiu&quot;","article_publisher":"https:\/\/www.instagram.com\/uamdofficial\/","article_modified_time":"2026-01-30T09:22:56+00:00","twitter_card":"summary_large_image","twitter_site":"@UAMDofficial","twitter_misc":{"Est. reading time":"1 minute"},"schema":{"@context":"https:\/\/schema.org","@graph":[{"@type":"WebPage","@id":"https:\/\/uamd.edu.al\/kalendari-akademik\/","url":"https:\/\/uamd.edu.al\/kalendari-akademik\/","name":"Kalendari Akademik - Universiteti &quot;Aleksand\u00ebr Moisiu&quot;","isPartOf":{"@id":"https:\/\/uamd.edu.al\/#website"},"datePublished":"2022-09-26T12:15:17+00:00","dateModified":"2026-01-30T09:22:56+00:00","breadcrumb":{"@id":"https:\/\/uamd.edu.al\/kalendari-akademik\/#breadcrumb"},"inLanguage":"en-US","potentialAction":[{"@type":"ReadAction","target":["https:\/\/uamd.edu.al\/kalendari-akademik\/"]}]},{"@type":"BreadcrumbList","@id":"https:\/\/uamd.edu.al\/kalendari-akademik\/#breadcrumb","itemListElement":[{"@type":"ListItem","position":1,"name":"Home","item":"https:\/\/uamd.edu.al\/"},{"@type":"ListItem","position":2,"name":"Kalendari Akademik"}]},{"@type":"WebSite","@id":"https:\/\/uamd.edu.al\/#website","url":"https:\/\/uamd.edu.al\/","name":"Universiteti &quot;Aleksand\u00ebr Moisiu&quot;","description":"","publisher":{"@id":"https:\/\/uamd.edu.al\/#organization"},"potentialAction":[{"@type":"SearchAction","target":{"@type":"EntryPoint","urlTemplate":"https:\/\/uamd.edu.al\/?s={search_term_string}"},"query-input":{"@type":"PropertyValueSpecification","valueRequired":true,"valueName":"search_term_string"}}],"inLanguage":"en-US"},{"@type":"Organization","@id":"https:\/\/uamd.edu.al\/#organization","name":"Universiteti Aleksand\u00ebr Moisiu","url":"https:\/\/uamd.edu.al\/","logo":{"@type":"ImageObject","inLanguage":"en-US","@id":"https:\/\/uamd.edu.al\/#\/schema\/logo\/image\/","url":"https:\/\/uamd.edu.al\/wp-content\/uploads\/2022\/07\/cropped-Universiteti_i_Durresit__Aleksander_Moisiu_.svg.png","contentUrl":"https:\/\/uamd.edu.al\/wp-content\/uploads\/2022\/07\/cropped-Universiteti_i_Durresit__Aleksander_Moisiu_.svg.png","width":512,"height":512,"caption":"Universiteti Aleksand\u00ebr Moisiu"},"image":{"@id":"https:\/\/uamd.edu.al\/#\/schema\/logo\/image\/"},"sameAs":["https:\/\/www.instagram.com\/uamdofficial\/","https:\/\/x.com\/UAMDofficial"]}]}},"_links":{"self":[{"href":"https:\/\/uamd.edu.al\/en\/wp-json\/wp\/v2\/pages\/7556","targetHints":{"allow":["GET"]}}],"collection":[{"href":"https:\/\/uamd.edu.al\/en\/wp-json\/wp\/v2\/pages"}],"about":[{"href":"https:\/\/uamd.edu.al\/en\/wp-json\/wp\/v2\/types\/page"}],"author":[{"embeddable":true,"href":"https:\/\/uamd.edu.al\/en\/wp-json\/wp\/v2\/users\/1"}],"replies":[{"embeddable":true,"href":"https:\/\/uamd.edu.al\/en\/wp-json\/wp\/v2\/comments?post=7556"}],"version-history":[{"count":0,"href":"https:\/\/uamd.edu.al\/en\/wp-json\/wp\/v2\/pages\/7556\/revisions"}],"wp:attachment":[{"href":"https:\/\/uamd.edu.al\/en\/wp-json\/wp\/v2\/media?parent=7556"}],"curies":[{"name":"wp","href":"https:\/\/api.w.org\/{rel}","templated":true}]}}