{"id":22686,"date":"2026-03-11T09:43:51","date_gmt":"2026-03-11T09:43:51","guid":{"rendered":"https:\/\/uamd.edu.al\/?page_id=22686"},"modified":"2026-04-23T10:44:41","modified_gmt":"2026-04-23T10:44:41","slug":"albatest-instrument-per-vleresimin-e-aftesive-gjuhesore-ne-anglisht-per-moshat-7-15-vjec","status":"publish","type":"page","link":"https:\/\/uamd.edu.al\/en\/albatest-instrument-per-vleresimin-e-aftesive-gjuhesore-ne-anglisht-per-moshat-7-15-vjec\/","title":{"rendered":"Albatest-Instrument p\u00ebr vler\u00ebsimin e aft\u00ebsive gjuh\u00ebsore n\u00eb anglisht p\u00ebr moshat 7 &#8211; 15 vje\u00e7"},"content":{"rendered":"<div class=\"wp-block-embedpress-embedpress-pdf\"><div id=\"ep-gutenberg-content-45833666cd93351f944ec537d4cae74e\" class=\"ep-gutenberg-content\"><div class=\"embedpress-document-embed ep-doc-embedpress-pdf-1776941075806   ep-fixed-width\" style=\"width:600px;height:600px;max-width:100%\" id=\"ep-doc-7d912502-8f66-4313-a5d2-a6ff97750fa6\" data-source-id=\"source-7d912502-8f66-4313-a5d2-a6ff97750fa6\" data-embed-type=\"PDF\"><div class=\"ep-embed-content-wraper\"><div class=\"position-right-wraper gutenberg-pdf-wraper\"><div class=\"main-content-wraper\"><iframe title=\"Albatest\" powered_by=\"1\" style=\"height:600px;width:600px;max-width:100%\" class=\"embedpress-embed-document-pdf embedpress-pdf-1776941075806\" data-emid=\"embedpress-pdf-1776941075806\" data-viewer-style=\"flip-book\" src=\"https:\/\/uamd.edu.al\/wp-admin\/admin-ajax.php?action=get_flipbook_viewer&amp;file=https%3A%2F%2Fuamd.edu.al%2Fwp-content%2Fuploads%2F2026%2F04%2FAlbatest.pdf&amp;key=dGhlbWVNb2RlPWRlZmF1bHQmcHJlc2VudGF0aW9uPXRydWUmbGF6eUxvYWQ9ZmFsc2UmcG9zaXRpb249dG9wJmZsaXBib29rX3Rvb2xiYXJfcG9zaXRpb249Ym90dG9tJmRvd25sb2FkPXRydWUmdG9vbGJhcj10cnVlJmNvcHlfdGV4dD10cnVlJmFkZF90ZXh0PXRydWUmZHJhdz1mYWxzZSZkb2NfZGV0YWlscz10cnVlJmRvY19yb3RhdGlvbj10cnVlJmFkZF9pbWFnZT10cnVlJnpvb21faW49dHJ1ZSZ6b29tX291dD10cnVlJmZpdF92aWV3PXRydWUmYm9va21hcms9dHJ1ZSZzZWxlY3Rpb25fdG9vbD0wJnNjcm9sbGluZz0tMSZzcHJlYWRzPTAmcGFnZU51bWJlcj0xJndhdGVybWFya190ZXh0PSZ3YXRlcm1hcmtfZm9udF9zaXplPTQ4JndhdGVybWFya19jb2xvcj0lMjMwMDAwMDAmd2F0ZXJtYXJrX29wYWNpdHk9MTUmd2F0ZXJtYXJrX3N0eWxlPWNlbnRlcg==\"><\/iframe><\/div><p class=\"embedpress-el-powered\">Powered By EmbedPress<\/p><\/div><\/div><\/div><\/div><\/div>\n\n\n\n<div class=\"wp-block-buttons is-layout-flex wp-block-buttons-is-layout-flex\">\n<div class=\"wp-block-button\"><a class=\"wp-block-button__link wp-element-button\" href=\"https:\/\/uamd.edu.al\/wp-content\/uploads\/2026\/03\/Final-Albatest-2026__compressed.pdf\">Albatest &#8211; PDF<\/a><\/div>\n\n\n\n<div class=\"wp-block-button\"><a class=\"wp-block-button__link wp-element-button\" href=\"https:\/\/uamd.edu.al\/wp-content\/uploads\/2026\/03\/Formulari-PERSHKRIMI-I-PRAKTIKES-GJUHESORE-WEB-1.pdf\">Formulari P\u00ebrshkrimi I Praktik\u00ebs Gjuh\u00ebsore &#8211; PDF<\/a><\/div>\n\n\n\n<div class=\"wp-block-button\"><a class=\"wp-block-button__link wp-element-button\" href=\"https:\/\/uamd.edu.al\/wp-content\/uploads\/2026\/03\/Formulari-DEGJIMI-1.pdf\">Formulari D\u00ebgjimi &#8211; PDF<\/a><\/div>\n\n\n\n<div class=\"wp-block-button\"><a class=\"wp-block-button__link wp-element-button\" href=\"https:\/\/uamd.edu.al\/wp-content\/uploads\/2026\/03\/Formulari-TE-FOLURIT-1.pdf\">Formulari T\u00eb Folurit &#8211; PDF<\/a><\/div>\n\n\n\n<div class=\"wp-block-button\"><a class=\"wp-block-button__link wp-element-button\" href=\"https:\/\/uamd.edu.al\/wp-content\/uploads\/2026\/03\/Formulari-Leximit-1.pdf\"><strong>Formulari Leximi-PDF<\/strong><\/a><\/div>\n\n\n\n<div class=\"wp-block-button\"><a class=\"wp-block-button__link wp-element-button\" href=\"https:\/\/uamd.edu.al\/wp-content\/uploads\/2026\/03\/Formulari-SHKRIMI-1.pdf\">Formulari Shkrimi &#8211; PDF<\/a><\/div>\n<\/div>\n\n\n\n<p><\/p>","protected":false},"excerpt":{"rendered":"","protected":false},"author":1,"featured_media":0,"parent":0,"menu_order":0,"comment_status":"closed","ping_status":"closed","template":"","meta":{"footnotes":""},"class_list":["post-22686","page","type-page","status-publish","hentry"],"yoast_head":"<!-- This site is optimized with the Yoast SEO plugin v27.5 - https:\/\/yoast.com\/product\/yoast-seo-wordpress\/ -->\n<title>Albatest-Instrument p\u00ebr vler\u00ebsimin e aft\u00ebsive gjuh\u00ebsore n\u00eb anglisht p\u00ebr moshat 7 - 15 vje\u00e7 - Universiteti &quot;Aleksand\u00ebr Moisiu&quot;<\/title>\n<meta name=\"robots\" content=\"index, follow, max-snippet:-1, max-image-preview:large, max-video-preview:-1\" \/>\n<link rel=\"canonical\" href=\"https:\/\/uamd.edu.al\/en\/albatest-instrument-per-vleresimin-e-aftesive-gjuhesore-ne-anglisht-per-moshat-7-15-vjec\/\" \/>\n<meta property=\"og:locale\" content=\"en_US\" \/>\n<meta property=\"og:type\" content=\"article\" \/>\n<meta property=\"og:title\" content=\"Albatest-Instrument p\u00ebr vler\u00ebsimin e aft\u00ebsive gjuh\u00ebsore n\u00eb anglisht p\u00ebr moshat 7 - 15 vje\u00e7 - Universiteti &quot;Aleksand\u00ebr Moisiu&quot;\" \/>\n<meta property=\"og:url\" content=\"https:\/\/uamd.edu.al\/en\/albatest-instrument-per-vleresimin-e-aftesive-gjuhesore-ne-anglisht-per-moshat-7-15-vjec\/\" \/>\n<meta property=\"og:site_name\" content=\"Universiteti &quot;Aleksand\u00ebr Moisiu&quot;\" \/>\n<meta property=\"article:publisher\" content=\"https:\/\/www.instagram.com\/uamdofficial\/\" \/>\n<meta property=\"article:modified_time\" content=\"2026-04-23T10:44:41+00:00\" \/>\n<meta name=\"twitter:card\" content=\"summary_large_image\" \/>\n<meta name=\"twitter:site\" content=\"@UAMDofficial\" \/>\n<meta name=\"twitter:label1\" content=\"Est. reading time\" \/>\n\t<meta name=\"twitter:data1\" content=\"1 minute\" \/>\n<script type=\"application\/ld+json\" class=\"yoast-schema-graph\">{\"@context\":\"https:\\\/\\\/schema.org\",\"@graph\":[{\"@type\":\"WebPage\",\"@id\":\"https:\\\/\\\/uamd.edu.al\\\/albatest-instrument-per-vleresimin-e-aftesive-gjuhesore-ne-anglisht-per-moshat-7-15-vjec\\\/\",\"url\":\"https:\\\/\\\/uamd.edu.al\\\/albatest-instrument-per-vleresimin-e-aftesive-gjuhesore-ne-anglisht-per-moshat-7-15-vjec\\\/\",\"name\":\"Albatest-Instrument p\u00ebr vler\u00ebsimin e aft\u00ebsive gjuh\u00ebsore n\u00eb anglisht p\u00ebr moshat 7 - 15 vje\u00e7 - Universiteti &quot;Aleksand\u00ebr Moisiu&quot;\",\"isPartOf\":{\"@id\":\"https:\\\/\\\/uamd.edu.al\\\/#website\"},\"datePublished\":\"2026-03-11T09:43:51+00:00\",\"dateModified\":\"2026-04-23T10:44:41+00:00\",\"breadcrumb\":{\"@id\":\"https:\\\/\\\/uamd.edu.al\\\/albatest-instrument-per-vleresimin-e-aftesive-gjuhesore-ne-anglisht-per-moshat-7-15-vjec\\\/#breadcrumb\"},\"inLanguage\":\"en-US\",\"potentialAction\":[{\"@type\":\"ReadAction\",\"target\":[\"https:\\\/\\\/uamd.edu.al\\\/albatest-instrument-per-vleresimin-e-aftesive-gjuhesore-ne-anglisht-per-moshat-7-15-vjec\\\/\"]}]},{\"@type\":\"BreadcrumbList\",\"@id\":\"https:\\\/\\\/uamd.edu.al\\\/albatest-instrument-per-vleresimin-e-aftesive-gjuhesore-ne-anglisht-per-moshat-7-15-vjec\\\/#breadcrumb\",\"itemListElement\":[{\"@type\":\"ListItem\",\"position\":1,\"name\":\"Home\",\"item\":\"https:\\\/\\\/uamd.edu.al\\\/\"},{\"@type\":\"ListItem\",\"position\":2,\"name\":\"Albatest-Instrument p\u00ebr vler\u00ebsimin e aft\u00ebsive gjuh\u00ebsore n\u00eb anglisht p\u00ebr moshat 7 &#8211; 15 vje\u00e7\"}]},{\"@type\":\"WebSite\",\"@id\":\"https:\\\/\\\/uamd.edu.al\\\/#website\",\"url\":\"https:\\\/\\\/uamd.edu.al\\\/\",\"name\":\"Universiteti &quot;Aleksand\u00ebr Moisiu&quot;\",\"description\":\"\",\"publisher\":{\"@id\":\"https:\\\/\\\/uamd.edu.al\\\/#organization\"},\"potentialAction\":[{\"@type\":\"SearchAction\",\"target\":{\"@type\":\"EntryPoint\",\"urlTemplate\":\"https:\\\/\\\/uamd.edu.al\\\/?s={search_term_string}\"},\"query-input\":{\"@type\":\"PropertyValueSpecification\",\"valueRequired\":true,\"valueName\":\"search_term_string\"}}],\"inLanguage\":\"en-US\"},{\"@type\":\"Organization\",\"@id\":\"https:\\\/\\\/uamd.edu.al\\\/#organization\",\"name\":\"Universiteti Aleksand\u00ebr Moisiu\",\"url\":\"https:\\\/\\\/uamd.edu.al\\\/\",\"logo\":{\"@type\":\"ImageObject\",\"inLanguage\":\"en-US\",\"@id\":\"https:\\\/\\\/uamd.edu.al\\\/#\\\/schema\\\/logo\\\/image\\\/\",\"url\":\"https:\\\/\\\/uamd.edu.al\\\/wp-content\\\/uploads\\\/2022\\\/07\\\/cropped-Universiteti_i_Durresit__Aleksander_Moisiu_.svg.png\",\"contentUrl\":\"https:\\\/\\\/uamd.edu.al\\\/wp-content\\\/uploads\\\/2022\\\/07\\\/cropped-Universiteti_i_Durresit__Aleksander_Moisiu_.svg.png\",\"width\":512,\"height\":512,\"caption\":\"Universiteti Aleksand\u00ebr Moisiu\"},\"image\":{\"@id\":\"https:\\\/\\\/uamd.edu.al\\\/#\\\/schema\\\/logo\\\/image\\\/\"},\"sameAs\":[\"https:\\\/\\\/www.instagram.com\\\/uamdofficial\\\/\",\"https:\\\/\\\/x.com\\\/UAMDofficial\"]}]}<\/script>\n<!-- \/ Yoast SEO plugin. -->","yoast_head_json":{"title":"Albatest-Instrument p\u00ebr vler\u00ebsimin e aft\u00ebsive gjuh\u00ebsore n\u00eb anglisht p\u00ebr moshat 7 - 15 vje\u00e7 - Universiteti &quot;Aleksand\u00ebr Moisiu&quot;","robots":{"index":"index","follow":"follow","max-snippet":"max-snippet:-1","max-image-preview":"max-image-preview:large","max-video-preview":"max-video-preview:-1"},"canonical":"https:\/\/uamd.edu.al\/en\/albatest-instrument-per-vleresimin-e-aftesive-gjuhesore-ne-anglisht-per-moshat-7-15-vjec\/","og_locale":"en_US","og_type":"article","og_title":"Albatest-Instrument p\u00ebr vler\u00ebsimin e aft\u00ebsive gjuh\u00ebsore n\u00eb anglisht p\u00ebr moshat 7 - 15 vje\u00e7 - Universiteti &quot;Aleksand\u00ebr Moisiu&quot;","og_url":"https:\/\/uamd.edu.al\/en\/albatest-instrument-per-vleresimin-e-aftesive-gjuhesore-ne-anglisht-per-moshat-7-15-vjec\/","og_site_name":"Universiteti &quot;Aleksand\u00ebr Moisiu&quot;","article_publisher":"https:\/\/www.instagram.com\/uamdofficial\/","article_modified_time":"2026-04-23T10:44:41+00:00","twitter_card":"summary_large_image","twitter_site":"@UAMDofficial","twitter_misc":{"Est. reading time":"1 minute"},"schema":{"@context":"https:\/\/schema.org","@graph":[{"@type":"WebPage","@id":"https:\/\/uamd.edu.al\/albatest-instrument-per-vleresimin-e-aftesive-gjuhesore-ne-anglisht-per-moshat-7-15-vjec\/","url":"https:\/\/uamd.edu.al\/albatest-instrument-per-vleresimin-e-aftesive-gjuhesore-ne-anglisht-per-moshat-7-15-vjec\/","name":"Albatest-Instrument p\u00ebr vler\u00ebsimin e aft\u00ebsive gjuh\u00ebsore n\u00eb anglisht p\u00ebr moshat 7 - 15 vje\u00e7 - Universiteti &quot;Aleksand\u00ebr Moisiu&quot;","isPartOf":{"@id":"https:\/\/uamd.edu.al\/#website"},"datePublished":"2026-03-11T09:43:51+00:00","dateModified":"2026-04-23T10:44:41+00:00","breadcrumb":{"@id":"https:\/\/uamd.edu.al\/albatest-instrument-per-vleresimin-e-aftesive-gjuhesore-ne-anglisht-per-moshat-7-15-vjec\/#breadcrumb"},"inLanguage":"en-US","potentialAction":[{"@type":"ReadAction","target":["https:\/\/uamd.edu.al\/albatest-instrument-per-vleresimin-e-aftesive-gjuhesore-ne-anglisht-per-moshat-7-15-vjec\/"]}]},{"@type":"BreadcrumbList","@id":"https:\/\/uamd.edu.al\/albatest-instrument-per-vleresimin-e-aftesive-gjuhesore-ne-anglisht-per-moshat-7-15-vjec\/#breadcrumb","itemListElement":[{"@type":"ListItem","position":1,"name":"Home","item":"https:\/\/uamd.edu.al\/"},{"@type":"ListItem","position":2,"name":"Albatest-Instrument p\u00ebr vler\u00ebsimin e aft\u00ebsive gjuh\u00ebsore n\u00eb anglisht p\u00ebr moshat 7 &#8211; 15 vje\u00e7"}]},{"@type":"WebSite","@id":"https:\/\/uamd.edu.al\/#website","url":"https:\/\/uamd.edu.al\/","name":"Universiteti &quot;Aleksand\u00ebr Moisiu&quot;","description":"","publisher":{"@id":"https:\/\/uamd.edu.al\/#organization"},"potentialAction":[{"@type":"SearchAction","target":{"@type":"EntryPoint","urlTemplate":"https:\/\/uamd.edu.al\/?s={search_term_string}"},"query-input":{"@type":"PropertyValueSpecification","valueRequired":true,"valueName":"search_term_string"}}],"inLanguage":"en-US"},{"@type":"Organization","@id":"https:\/\/uamd.edu.al\/#organization","name":"Universiteti Aleksand\u00ebr Moisiu","url":"https:\/\/uamd.edu.al\/","logo":{"@type":"ImageObject","inLanguage":"en-US","@id":"https:\/\/uamd.edu.al\/#\/schema\/logo\/image\/","url":"https:\/\/uamd.edu.al\/wp-content\/uploads\/2022\/07\/cropped-Universiteti_i_Durresit__Aleksander_Moisiu_.svg.png","contentUrl":"https:\/\/uamd.edu.al\/wp-content\/uploads\/2022\/07\/cropped-Universiteti_i_Durresit__Aleksander_Moisiu_.svg.png","width":512,"height":512,"caption":"Universiteti Aleksand\u00ebr Moisiu"},"image":{"@id":"https:\/\/uamd.edu.al\/#\/schema\/logo\/image\/"},"sameAs":["https:\/\/www.instagram.com\/uamdofficial\/","https:\/\/x.com\/UAMDofficial"]}]}},"_links":{"self":[{"href":"https:\/\/uamd.edu.al\/en\/wp-json\/wp\/v2\/pages\/22686","targetHints":{"allow":["GET"]}}],"collection":[{"href":"https:\/\/uamd.edu.al\/en\/wp-json\/wp\/v2\/pages"}],"about":[{"href":"https:\/\/uamd.edu.al\/en\/wp-json\/wp\/v2\/types\/page"}],"author":[{"embeddable":true,"href":"https:\/\/uamd.edu.al\/en\/wp-json\/wp\/v2\/users\/1"}],"replies":[{"embeddable":true,"href":"https:\/\/uamd.edu.al\/en\/wp-json\/wp\/v2\/comments?post=22686"}],"version-history":[{"count":2,"href":"https:\/\/uamd.edu.al\/en\/wp-json\/wp\/v2\/pages\/22686\/revisions"}],"predecessor-version":[{"id":23358,"href":"https:\/\/uamd.edu.al\/en\/wp-json\/wp\/v2\/pages\/22686\/revisions\/23358"}],"wp:attachment":[{"href":"https:\/\/uamd.edu.al\/en\/wp-json\/wp\/v2\/media?parent=22686"}],"curies":[{"name":"wp","href":"https:\/\/api.w.org\/{rel}","templated":true}]}}