{"id":22504,"date":"2026-02-23T11:41:14","date_gmt":"2026-02-23T11:41:14","guid":{"rendered":"https:\/\/uamd.edu.al\/?page_id=22504"},"modified":"2026-02-23T11:41:15","modified_gmt":"2026-02-23T11:41:15","slug":"emetimi-i-co2-nga-operatoret-portuale-dhe-impakti-i-tij-ne-kompleksin-portual-durres-porto-romano","status":"publish","type":"page","link":"https:\/\/uamd.edu.al\/en\/emetimi-i-co2-nga-operatoret-portuale-dhe-impakti-i-tij-ne-kompleksin-portual-durres-porto-romano\/","title":{"rendered":"Emetimi i CO2 nga operator\u00ebt portual\u00eb dhe impakti i tij n\u00eb kompleksin portual Durr\u00ebs \u2013 Porto Romano"},"content":{"rendered":"<p>On February 20, 2026, the closing meeting on the proposal of CO2 emission mitigation measures was held at the Durr\u00ebs Port Authority premises.<sub>2<\/sub> in the atmosphere within the framework of the project \"<em>CO2  emission<sub>2<\/sub> by port operators and its impact on the Durr\u00ebs \u2013 Porto Romano port complex\"<\/em> \u00a0obtained by AKKSHI in collaboration with Business (Durr\u00ebs Port Authority). This meeting took place according to the agenda from 09:30 \u2013 14:00. The meeting was attended by the Director of International Cooperation &amp; CEMA at APD, Ms. Serena Kova\u00e7i, the academic staff of UAMD, and the APD working group.<\/p>\n\n\n\n<figure class=\"wp-block-gallery has-nested-images columns-default is-cropped wp-block-gallery-1 is-layout-flex wp-block-gallery-is-layout-flex\">\n<figure class=\"wp-block-image size-large\"><img loading=\"lazy\" decoding=\"async\" width=\"1024\" height=\"681\" data-id=\"22505\" src=\"https:\/\/uamd.edu.al\/wp-content\/uploads\/2026\/02\/WhatsApp-Image-2026-02-23-at-12.30.12-1024x681.jpeg\" alt=\"\" class=\"wp-image-22505\" srcset=\"https:\/\/uamd.edu.al\/wp-content\/uploads\/2026\/02\/WhatsApp-Image-2026-02-23-at-12.30.12-1024x681.jpeg 1024w, https:\/\/uamd.edu.al\/wp-content\/uploads\/2026\/02\/WhatsApp-Image-2026-02-23-at-12.30.12-300x200.jpeg 300w, https:\/\/uamd.edu.al\/wp-content\/uploads\/2026\/02\/WhatsApp-Image-2026-02-23-at-12.30.12-768x511.jpeg 768w, https:\/\/uamd.edu.al\/wp-content\/uploads\/2026\/02\/WhatsApp-Image-2026-02-23-at-12.30.12-1536x1021.jpeg 1536w, https:\/\/uamd.edu.al\/wp-content\/uploads\/2026\/02\/WhatsApp-Image-2026-02-23-at-12.30.12-18x12.jpeg 18w, https:\/\/uamd.edu.al\/wp-content\/uploads\/2026\/02\/WhatsApp-Image-2026-02-23-at-12.30.12.jpeg 1600w\" sizes=\"auto, (max-width: 1024px) 100vw, 1024px\" \/><\/figure>\n\n\n\n<figure class=\"wp-block-image size-large\"><img loading=\"lazy\" decoding=\"async\" width=\"1024\" height=\"681\" data-id=\"22511\" src=\"https:\/\/uamd.edu.al\/wp-content\/uploads\/2026\/02\/WhatsApp-Image-2026-02-23-at-12.30.12-2-1024x681.jpeg\" alt=\"\" class=\"wp-image-22511\" srcset=\"https:\/\/uamd.edu.al\/wp-content\/uploads\/2026\/02\/WhatsApp-Image-2026-02-23-at-12.30.12-2-1024x681.jpeg 1024w, https:\/\/uamd.edu.al\/wp-content\/uploads\/2026\/02\/WhatsApp-Image-2026-02-23-at-12.30.12-2-300x200.jpeg 300w, https:\/\/uamd.edu.al\/wp-content\/uploads\/2026\/02\/WhatsApp-Image-2026-02-23-at-12.30.12-2-768x511.jpeg 768w, https:\/\/uamd.edu.al\/wp-content\/uploads\/2026\/02\/WhatsApp-Image-2026-02-23-at-12.30.12-2-1536x1021.jpeg 1536w, https:\/\/uamd.edu.al\/wp-content\/uploads\/2026\/02\/WhatsApp-Image-2026-02-23-at-12.30.12-2-18x12.jpeg 18w, https:\/\/uamd.edu.al\/wp-content\/uploads\/2026\/02\/WhatsApp-Image-2026-02-23-at-12.30.12-2.jpeg 1600w\" sizes=\"auto, (max-width: 1024px) 100vw, 1024px\" \/><\/figure>\n\n\n\n<figure class=\"wp-block-image size-large\"><img loading=\"lazy\" decoding=\"async\" width=\"1024\" height=\"681\" data-id=\"22508\" src=\"https:\/\/uamd.edu.al\/wp-content\/uploads\/2026\/02\/WhatsApp-Image-2026-02-23-at-12.30.11-1024x681.jpeg\" alt=\"\" class=\"wp-image-22508\" srcset=\"https:\/\/uamd.edu.al\/wp-content\/uploads\/2026\/02\/WhatsApp-Image-2026-02-23-at-12.30.11-1024x681.jpeg 1024w, https:\/\/uamd.edu.al\/wp-content\/uploads\/2026\/02\/WhatsApp-Image-2026-02-23-at-12.30.11-300x200.jpeg 300w, https:\/\/uamd.edu.al\/wp-content\/uploads\/2026\/02\/WhatsApp-Image-2026-02-23-at-12.30.11-768x511.jpeg 768w, https:\/\/uamd.edu.al\/wp-content\/uploads\/2026\/02\/WhatsApp-Image-2026-02-23-at-12.30.11-1536x1021.jpeg 1536w, https:\/\/uamd.edu.al\/wp-content\/uploads\/2026\/02\/WhatsApp-Image-2026-02-23-at-12.30.11-18x12.jpeg 18w, https:\/\/uamd.edu.al\/wp-content\/uploads\/2026\/02\/WhatsApp-Image-2026-02-23-at-12.30.11.jpeg 1600w\" sizes=\"auto, (max-width: 1024px) 100vw, 1024px\" \/><\/figure>\n\n\n\n<figure class=\"wp-block-image size-large\"><img loading=\"lazy\" decoding=\"async\" width=\"1024\" height=\"681\" data-id=\"22509\" src=\"https:\/\/uamd.edu.al\/wp-content\/uploads\/2026\/02\/WhatsApp-Image-2026-02-23-at-12.30.11-1-1024x681.jpeg\" alt=\"\" class=\"wp-image-22509\" srcset=\"https:\/\/uamd.edu.al\/wp-content\/uploads\/2026\/02\/WhatsApp-Image-2026-02-23-at-12.30.11-1-1024x681.jpeg 1024w, https:\/\/uamd.edu.al\/wp-content\/uploads\/2026\/02\/WhatsApp-Image-2026-02-23-at-12.30.11-1-300x200.jpeg 300w, https:\/\/uamd.edu.al\/wp-content\/uploads\/2026\/02\/WhatsApp-Image-2026-02-23-at-12.30.11-1-768x511.jpeg 768w, https:\/\/uamd.edu.al\/wp-content\/uploads\/2026\/02\/WhatsApp-Image-2026-02-23-at-12.30.11-1-1536x1021.jpeg 1536w, https:\/\/uamd.edu.al\/wp-content\/uploads\/2026\/02\/WhatsApp-Image-2026-02-23-at-12.30.11-1-18x12.jpeg 18w, https:\/\/uamd.edu.al\/wp-content\/uploads\/2026\/02\/WhatsApp-Image-2026-02-23-at-12.30.11-1.jpeg 1600w\" sizes=\"auto, (max-width: 1024px) 100vw, 1024px\" \/><\/figure>\n\n\n\n<figure class=\"wp-block-image size-large\"><img loading=\"lazy\" decoding=\"async\" width=\"1024\" height=\"681\" data-id=\"22507\" src=\"https:\/\/uamd.edu.al\/wp-content\/uploads\/2026\/02\/WhatsApp-Image-2026-02-23-at-12.30.11-2-1024x681.jpeg\" alt=\"\" class=\"wp-image-22507\" srcset=\"https:\/\/uamd.edu.al\/wp-content\/uploads\/2026\/02\/WhatsApp-Image-2026-02-23-at-12.30.11-2-1024x681.jpeg 1024w, https:\/\/uamd.edu.al\/wp-content\/uploads\/2026\/02\/WhatsApp-Image-2026-02-23-at-12.30.11-2-300x200.jpeg 300w, https:\/\/uamd.edu.al\/wp-content\/uploads\/2026\/02\/WhatsApp-Image-2026-02-23-at-12.30.11-2-768x511.jpeg 768w, https:\/\/uamd.edu.al\/wp-content\/uploads\/2026\/02\/WhatsApp-Image-2026-02-23-at-12.30.11-2-1536x1021.jpeg 1536w, https:\/\/uamd.edu.al\/wp-content\/uploads\/2026\/02\/WhatsApp-Image-2026-02-23-at-12.30.11-2-18x12.jpeg 18w, https:\/\/uamd.edu.al\/wp-content\/uploads\/2026\/02\/WhatsApp-Image-2026-02-23-at-12.30.11-2.jpeg 1600w\" sizes=\"auto, (max-width: 1024px) 100vw, 1024px\" \/><\/figure>\n<\/figure>\n\n\n\n<p>In this closing meeting:<\/p>\n\n\n\n<ul class=\"wp-block-list\">\n<li>the progress and scientific findings of the project were presented;<\/li>\n\n\n\n<li>CO emission mitigation measures proposals were presented<sub>2<\/sub> in the Durr\u00ebs-Porto Romano port complex;\u00a0<\/li>\n\n\n\n<li>Scientific publications were presented (a participation in an international conference with proceedings and a publication in a scientific journal with an impact factor)<\/li>\n\n\n\n<li>The project's achievements, the impact this project will have, and the necessary measures to reduce CO emissions were discussed.<sub>2<\/sub> in the port environment and near it.<\/li>\n\n\n\n<li>It was agreed that within the specified deadlines, all obligations of the parties to complete the project and submit it to AKKSHI will be successfully concluded.<\/li>\n<\/ul>\n\n\n\n<p>Ms. Kovaci thanked the UAMD and APD working group for the successful completion of this project and undertook that its results will be part of the APD database and will be presented to the highest authorities so that these proposals arising from this project are reflected and measures are taken to reduce CO emissions.<sub>2<\/sub> in the Durr\u00ebs-Porto Romano port complex, aiming for zero carbon emissions.<\/p>","protected":false},"excerpt":{"rendered":"<p>N\u00eb dat\u00eb 20 Shkurt 2026 n\u00eb ambjentet e Autoritetit Portual Durr\u00ebs u zhvillua takimi p\u00ebrmbyll\u00ebs mbi propozimin e masave mitiguese [&hellip;]<\/p>\n","protected":false},"author":1,"featured_media":0,"parent":0,"menu_order":0,"comment_status":"closed","ping_status":"closed","template":"","meta":{"footnotes":""},"class_list":["post-22504","page","type-page","status-publish","hentry"],"yoast_head":"<!-- This site is optimized with the Yoast SEO plugin v27.3 - https:\/\/yoast.com\/product\/yoast-seo-wordpress\/ -->\n<title>Emetimi i CO2 nga operator\u00ebt portual\u00eb dhe impakti i tij n\u00eb kompleksin portual Durr\u00ebs \u2013 Porto Romano - Universiteti &quot;Aleksand\u00ebr Moisiu&quot;<\/title>\n<meta name=\"robots\" content=\"index, follow, max-snippet:-1, max-image-preview:large, max-video-preview:-1\" \/>\n<link rel=\"canonical\" href=\"https:\/\/uamd.edu.al\/en\/emetimi-i-co2-nga-operatoret-portuale-dhe-impakti-i-tij-ne-kompleksin-portual-durres-porto-romano\/\" \/>\n<meta property=\"og:locale\" content=\"en_US\" \/>\n<meta property=\"og:type\" content=\"article\" \/>\n<meta property=\"og:title\" content=\"Emetimi i CO2 nga operator\u00ebt portual\u00eb dhe impakti i tij n\u00eb kompleksin portual Durr\u00ebs \u2013 Porto Romano - Universiteti &quot;Aleksand\u00ebr Moisiu&quot;\" \/>\n<meta property=\"og:description\" content=\"N\u00eb dat\u00eb 20 Shkurt 2026 n\u00eb ambjentet e Autoritetit Portual Durr\u00ebs u zhvillua takimi p\u00ebrmbyll\u00ebs mbi propozimin e masave mitiguese [&hellip;]\" \/>\n<meta property=\"og:url\" content=\"https:\/\/uamd.edu.al\/en\/emetimi-i-co2-nga-operatoret-portuale-dhe-impakti-i-tij-ne-kompleksin-portual-durres-porto-romano\/\" \/>\n<meta property=\"og:site_name\" content=\"Universiteti &quot;Aleksand\u00ebr Moisiu&quot;\" \/>\n<meta property=\"article:publisher\" content=\"https:\/\/www.instagram.com\/uamdofficial\/\" \/>\n<meta property=\"article:modified_time\" content=\"2026-02-23T11:41:15+00:00\" \/>\n<meta property=\"og:image\" content=\"https:\/\/uamd.edu.al\/wp-content\/uploads\/2026\/02\/WhatsApp-Image-2026-02-23-at-12.30.12-1024x681.jpeg\" \/>\n<meta name=\"twitter:card\" content=\"summary_large_image\" \/>\n<meta name=\"twitter:site\" content=\"@UAMDofficial\" \/>\n<meta name=\"twitter:label1\" content=\"Est. reading time\" \/>\n\t<meta name=\"twitter:data1\" content=\"3 minutes\" \/>\n<script type=\"application\/ld+json\" class=\"yoast-schema-graph\">{\"@context\":\"https:\\\/\\\/schema.org\",\"@graph\":[{\"@type\":\"WebPage\",\"@id\":\"https:\\\/\\\/uamd.edu.al\\\/emetimi-i-co2-nga-operatoret-portuale-dhe-impakti-i-tij-ne-kompleksin-portual-durres-porto-romano\\\/\",\"url\":\"https:\\\/\\\/uamd.edu.al\\\/emetimi-i-co2-nga-operatoret-portuale-dhe-impakti-i-tij-ne-kompleksin-portual-durres-porto-romano\\\/\",\"name\":\"Emetimi i CO2 nga operator\u00ebt portual\u00eb dhe impakti i tij n\u00eb kompleksin portual Durr\u00ebs \u2013 Porto Romano - Universiteti &quot;Aleksand\u00ebr Moisiu&quot;\",\"isPartOf\":{\"@id\":\"https:\\\/\\\/uamd.edu.al\\\/#website\"},\"primaryImageOfPage\":{\"@id\":\"https:\\\/\\\/uamd.edu.al\\\/emetimi-i-co2-nga-operatoret-portuale-dhe-impakti-i-tij-ne-kompleksin-portual-durres-porto-romano\\\/#primaryimage\"},\"image\":{\"@id\":\"https:\\\/\\\/uamd.edu.al\\\/emetimi-i-co2-nga-operatoret-portuale-dhe-impakti-i-tij-ne-kompleksin-portual-durres-porto-romano\\\/#primaryimage\"},\"thumbnailUrl\":\"https:\\\/\\\/uamd.edu.al\\\/wp-content\\\/uploads\\\/2026\\\/02\\\/WhatsApp-Image-2026-02-23-at-12.30.12-1024x681.jpeg\",\"datePublished\":\"2026-02-23T11:41:14+00:00\",\"dateModified\":\"2026-02-23T11:41:15+00:00\",\"breadcrumb\":{\"@id\":\"https:\\\/\\\/uamd.edu.al\\\/emetimi-i-co2-nga-operatoret-portuale-dhe-impakti-i-tij-ne-kompleksin-portual-durres-porto-romano\\\/#breadcrumb\"},\"inLanguage\":\"en-US\",\"potentialAction\":[{\"@type\":\"ReadAction\",\"target\":[\"https:\\\/\\\/uamd.edu.al\\\/emetimi-i-co2-nga-operatoret-portuale-dhe-impakti-i-tij-ne-kompleksin-portual-durres-porto-romano\\\/\"]}]},{\"@type\":\"ImageObject\",\"inLanguage\":\"en-US\",\"@id\":\"https:\\\/\\\/uamd.edu.al\\\/emetimi-i-co2-nga-operatoret-portuale-dhe-impakti-i-tij-ne-kompleksin-portual-durres-porto-romano\\\/#primaryimage\",\"url\":\"https:\\\/\\\/uamd.edu.al\\\/wp-content\\\/uploads\\\/2026\\\/02\\\/WhatsApp-Image-2026-02-23-at-12.30.12-1024x681.jpeg\",\"contentUrl\":\"https:\\\/\\\/uamd.edu.al\\\/wp-content\\\/uploads\\\/2026\\\/02\\\/WhatsApp-Image-2026-02-23-at-12.30.12-1024x681.jpeg\"},{\"@type\":\"BreadcrumbList\",\"@id\":\"https:\\\/\\\/uamd.edu.al\\\/emetimi-i-co2-nga-operatoret-portuale-dhe-impakti-i-tij-ne-kompleksin-portual-durres-porto-romano\\\/#breadcrumb\",\"itemListElement\":[{\"@type\":\"ListItem\",\"position\":1,\"name\":\"Home\",\"item\":\"https:\\\/\\\/uamd.edu.al\\\/\"},{\"@type\":\"ListItem\",\"position\":2,\"name\":\"Emetimi i CO2 nga operator\u00ebt portual\u00eb dhe impakti i tij n\u00eb kompleksin portual Durr\u00ebs \u2013 Porto Romano\"}]},{\"@type\":\"WebSite\",\"@id\":\"https:\\\/\\\/uamd.edu.al\\\/#website\",\"url\":\"https:\\\/\\\/uamd.edu.al\\\/\",\"name\":\"Universiteti &quot;Aleksand\u00ebr Moisiu&quot;\",\"description\":\"\",\"publisher\":{\"@id\":\"https:\\\/\\\/uamd.edu.al\\\/#organization\"},\"potentialAction\":[{\"@type\":\"SearchAction\",\"target\":{\"@type\":\"EntryPoint\",\"urlTemplate\":\"https:\\\/\\\/uamd.edu.al\\\/?s={search_term_string}\"},\"query-input\":{\"@type\":\"PropertyValueSpecification\",\"valueRequired\":true,\"valueName\":\"search_term_string\"}}],\"inLanguage\":\"en-US\"},{\"@type\":\"Organization\",\"@id\":\"https:\\\/\\\/uamd.edu.al\\\/#organization\",\"name\":\"Universiteti Aleksand\u00ebr Moisiu\",\"url\":\"https:\\\/\\\/uamd.edu.al\\\/\",\"logo\":{\"@type\":\"ImageObject\",\"inLanguage\":\"en-US\",\"@id\":\"https:\\\/\\\/uamd.edu.al\\\/#\\\/schema\\\/logo\\\/image\\\/\",\"url\":\"https:\\\/\\\/uamd.edu.al\\\/wp-content\\\/uploads\\\/2022\\\/07\\\/cropped-Universiteti_i_Durresit__Aleksander_Moisiu_.svg.png\",\"contentUrl\":\"https:\\\/\\\/uamd.edu.al\\\/wp-content\\\/uploads\\\/2022\\\/07\\\/cropped-Universiteti_i_Durresit__Aleksander_Moisiu_.svg.png\",\"width\":512,\"height\":512,\"caption\":\"Universiteti Aleksand\u00ebr Moisiu\"},\"image\":{\"@id\":\"https:\\\/\\\/uamd.edu.al\\\/#\\\/schema\\\/logo\\\/image\\\/\"},\"sameAs\":[\"https:\\\/\\\/www.instagram.com\\\/uamdofficial\\\/\",\"https:\\\/\\\/x.com\\\/UAMDofficial\"]}]}<\/script>\n<!-- \/ Yoast SEO plugin. -->","yoast_head_json":{"title":"Emetimi i CO2 nga operator\u00ebt portual\u00eb dhe impakti i tij n\u00eb kompleksin portual Durr\u00ebs \u2013 Porto Romano - Universiteti &quot;Aleksand\u00ebr Moisiu&quot;","robots":{"index":"index","follow":"follow","max-snippet":"max-snippet:-1","max-image-preview":"max-image-preview:large","max-video-preview":"max-video-preview:-1"},"canonical":"https:\/\/uamd.edu.al\/en\/emetimi-i-co2-nga-operatoret-portuale-dhe-impakti-i-tij-ne-kompleksin-portual-durres-porto-romano\/","og_locale":"en_US","og_type":"article","og_title":"Emetimi i CO2 nga operator\u00ebt portual\u00eb dhe impakti i tij n\u00eb kompleksin portual Durr\u00ebs \u2013 Porto Romano - Universiteti &quot;Aleksand\u00ebr Moisiu&quot;","og_description":"N\u00eb dat\u00eb 20 Shkurt 2026 n\u00eb ambjentet e Autoritetit Portual Durr\u00ebs u zhvillua takimi p\u00ebrmbyll\u00ebs mbi propozimin e masave mitiguese [&hellip;]","og_url":"https:\/\/uamd.edu.al\/en\/emetimi-i-co2-nga-operatoret-portuale-dhe-impakti-i-tij-ne-kompleksin-portual-durres-porto-romano\/","og_site_name":"Universiteti &quot;Aleksand\u00ebr Moisiu&quot;","article_publisher":"https:\/\/www.instagram.com\/uamdofficial\/","article_modified_time":"2026-02-23T11:41:15+00:00","og_image":[{"url":"https:\/\/uamd.edu.al\/wp-content\/uploads\/2026\/02\/WhatsApp-Image-2026-02-23-at-12.30.12-1024x681.jpeg","type":"","width":"","height":""}],"twitter_card":"summary_large_image","twitter_site":"@UAMDofficial","twitter_misc":{"Est. reading time":"3 minutes"},"schema":{"@context":"https:\/\/schema.org","@graph":[{"@type":"WebPage","@id":"https:\/\/uamd.edu.al\/emetimi-i-co2-nga-operatoret-portuale-dhe-impakti-i-tij-ne-kompleksin-portual-durres-porto-romano\/","url":"https:\/\/uamd.edu.al\/emetimi-i-co2-nga-operatoret-portuale-dhe-impakti-i-tij-ne-kompleksin-portual-durres-porto-romano\/","name":"Emetimi i CO2 nga operator\u00ebt portual\u00eb dhe impakti i tij n\u00eb kompleksin portual Durr\u00ebs \u2013 Porto Romano - Universiteti &quot;Aleksand\u00ebr Moisiu&quot;","isPartOf":{"@id":"https:\/\/uamd.edu.al\/#website"},"primaryImageOfPage":{"@id":"https:\/\/uamd.edu.al\/emetimi-i-co2-nga-operatoret-portuale-dhe-impakti-i-tij-ne-kompleksin-portual-durres-porto-romano\/#primaryimage"},"image":{"@id":"https:\/\/uamd.edu.al\/emetimi-i-co2-nga-operatoret-portuale-dhe-impakti-i-tij-ne-kompleksin-portual-durres-porto-romano\/#primaryimage"},"thumbnailUrl":"https:\/\/uamd.edu.al\/wp-content\/uploads\/2026\/02\/WhatsApp-Image-2026-02-23-at-12.30.12-1024x681.jpeg","datePublished":"2026-02-23T11:41:14+00:00","dateModified":"2026-02-23T11:41:15+00:00","breadcrumb":{"@id":"https:\/\/uamd.edu.al\/emetimi-i-co2-nga-operatoret-portuale-dhe-impakti-i-tij-ne-kompleksin-portual-durres-porto-romano\/#breadcrumb"},"inLanguage":"en-US","potentialAction":[{"@type":"ReadAction","target":["https:\/\/uamd.edu.al\/emetimi-i-co2-nga-operatoret-portuale-dhe-impakti-i-tij-ne-kompleksin-portual-durres-porto-romano\/"]}]},{"@type":"ImageObject","inLanguage":"en-US","@id":"https:\/\/uamd.edu.al\/emetimi-i-co2-nga-operatoret-portuale-dhe-impakti-i-tij-ne-kompleksin-portual-durres-porto-romano\/#primaryimage","url":"https:\/\/uamd.edu.al\/wp-content\/uploads\/2026\/02\/WhatsApp-Image-2026-02-23-at-12.30.12-1024x681.jpeg","contentUrl":"https:\/\/uamd.edu.al\/wp-content\/uploads\/2026\/02\/WhatsApp-Image-2026-02-23-at-12.30.12-1024x681.jpeg"},{"@type":"BreadcrumbList","@id":"https:\/\/uamd.edu.al\/emetimi-i-co2-nga-operatoret-portuale-dhe-impakti-i-tij-ne-kompleksin-portual-durres-porto-romano\/#breadcrumb","itemListElement":[{"@type":"ListItem","position":1,"name":"Home","item":"https:\/\/uamd.edu.al\/"},{"@type":"ListItem","position":2,"name":"Emetimi i CO2 nga operator\u00ebt portual\u00eb dhe impakti i tij n\u00eb kompleksin portual Durr\u00ebs \u2013 Porto Romano"}]},{"@type":"WebSite","@id":"https:\/\/uamd.edu.al\/#website","url":"https:\/\/uamd.edu.al\/","name":"Universiteti &quot;Aleksand\u00ebr Moisiu&quot;","description":"","publisher":{"@id":"https:\/\/uamd.edu.al\/#organization"},"potentialAction":[{"@type":"SearchAction","target":{"@type":"EntryPoint","urlTemplate":"https:\/\/uamd.edu.al\/?s={search_term_string}"},"query-input":{"@type":"PropertyValueSpecification","valueRequired":true,"valueName":"search_term_string"}}],"inLanguage":"en-US"},{"@type":"Organization","@id":"https:\/\/uamd.edu.al\/#organization","name":"Universiteti Aleksand\u00ebr Moisiu","url":"https:\/\/uamd.edu.al\/","logo":{"@type":"ImageObject","inLanguage":"en-US","@id":"https:\/\/uamd.edu.al\/#\/schema\/logo\/image\/","url":"https:\/\/uamd.edu.al\/wp-content\/uploads\/2022\/07\/cropped-Universiteti_i_Durresit__Aleksander_Moisiu_.svg.png","contentUrl":"https:\/\/uamd.edu.al\/wp-content\/uploads\/2022\/07\/cropped-Universiteti_i_Durresit__Aleksander_Moisiu_.svg.png","width":512,"height":512,"caption":"Universiteti Aleksand\u00ebr Moisiu"},"image":{"@id":"https:\/\/uamd.edu.al\/#\/schema\/logo\/image\/"},"sameAs":["https:\/\/www.instagram.com\/uamdofficial\/","https:\/\/x.com\/UAMDofficial"]}]}},"_links":{"self":[{"href":"https:\/\/uamd.edu.al\/en\/wp-json\/wp\/v2\/pages\/22504","targetHints":{"allow":["GET"]}}],"collection":[{"href":"https:\/\/uamd.edu.al\/en\/wp-json\/wp\/v2\/pages"}],"about":[{"href":"https:\/\/uamd.edu.al\/en\/wp-json\/wp\/v2\/types\/page"}],"author":[{"embeddable":true,"href":"https:\/\/uamd.edu.al\/en\/wp-json\/wp\/v2\/users\/1"}],"replies":[{"embeddable":true,"href":"https:\/\/uamd.edu.al\/en\/wp-json\/wp\/v2\/comments?post=22504"}],"version-history":[{"count":0,"href":"https:\/\/uamd.edu.al\/en\/wp-json\/wp\/v2\/pages\/22504\/revisions"}],"wp:attachment":[{"href":"https:\/\/uamd.edu.al\/en\/wp-json\/wp\/v2\/media?parent=22504"}],"curies":[{"name":"wp","href":"https:\/\/api.w.org\/{rel}","templated":true}]}}