{"id":14321,"date":"2024-11-14T15:02:27","date_gmt":"2024-11-14T15:02:27","guid":{"rendered":"https:\/\/uamd.edu.al\/?page_id=14321"},"modified":"2025-05-09T11:37:23","modified_gmt":"2025-05-09T11:37:23","slug":"alumni-uamd","status":"publish","type":"page","link":"https:\/\/uamd.edu.al\/en\/alumni-uamd\/","title":{"rendered":"Alumni"},"content":{"rendered":"","protected":false},"excerpt":{"rendered":"","protected":false},"author":1,"featured_media":0,"parent":0,"menu_order":0,"comment_status":"closed","ping_status":"closed","template":"","meta":{"footnotes":""},"class_list":["post-14321","page","type-page","status-publish","hentry"],"yoast_head":"<!-- This site is optimized with the Yoast SEO plugin v27.3 - https:\/\/yoast.com\/product\/yoast-seo-wordpress\/ -->\n<title>Alumni UAMD \u2013 Rrjeti i t\u00eb Diplomuarve n\u00eb &quot;UAMD&quot;<\/title>\n<meta name=\"description\" content=\"Zbuloni mund\u00ebsit\u00eb dhe sh\u00ebrbimet p\u00ebr t\u00eb diplomuarit e &quot;UAMD&quot; . Bashkohuni me rrjetin Alumni p\u00ebr karrier\u00eb, pun\u00ebsim dhe aktivitete profesionale.\" \/>\n<meta name=\"robots\" content=\"index, follow, max-snippet:-1, max-image-preview:large, max-video-preview:-1\" \/>\n<link rel=\"canonical\" href=\"https:\/\/uamd.edu.al\/en\/alumni-uamd\/\" \/>\n<meta property=\"og:locale\" content=\"en_US\" \/>\n<meta property=\"og:type\" content=\"article\" \/>\n<meta property=\"og:title\" content=\"Alumni UAMD \u2013 Rrjeti i t\u00eb Diplomuarve n\u00eb &quot;UAMD&quot;\" \/>\n<meta property=\"og:description\" content=\"Zbuloni mund\u00ebsit\u00eb dhe sh\u00ebrbimet p\u00ebr t\u00eb diplomuarit e &quot;UAMD&quot; . Bashkohuni me rrjetin Alumni p\u00ebr karrier\u00eb, pun\u00ebsim dhe aktivitete profesionale.\" \/>\n<meta property=\"og:url\" content=\"https:\/\/uamd.edu.al\/en\/alumni-uamd\/\" \/>\n<meta property=\"og:site_name\" content=\"Universiteti &quot;Aleksand\u00ebr Moisiu&quot;\" \/>\n<meta property=\"article:publisher\" content=\"https:\/\/www.instagram.com\/uamdofficial\/\" \/>\n<meta property=\"article:modified_time\" content=\"2025-05-09T11:37:23+00:00\" \/>\n<meta name=\"twitter:card\" content=\"summary_large_image\" \/>\n<meta name=\"twitter:site\" content=\"@UAMDofficial\" \/>\n<script type=\"application\/ld+json\" class=\"yoast-schema-graph\">{\"@context\":\"https:\\\/\\\/schema.org\",\"@graph\":[{\"@type\":\"WebPage\",\"@id\":\"https:\\\/\\\/uamd.edu.al\\\/alumni-uamd\\\/\",\"url\":\"https:\\\/\\\/uamd.edu.al\\\/alumni-uamd\\\/\",\"name\":\"Alumni UAMD \u2013 Rrjeti i t\u00eb Diplomuarve n\u00eb \\\"UAMD\\\"\",\"isPartOf\":{\"@id\":\"https:\\\/\\\/uamd.edu.al\\\/#website\"},\"datePublished\":\"2024-11-14T15:02:27+00:00\",\"dateModified\":\"2025-05-09T11:37:23+00:00\",\"description\":\"Zbuloni mund\u00ebsit\u00eb dhe sh\u00ebrbimet p\u00ebr t\u00eb diplomuarit e \\\"UAMD\\\" . Bashkohuni me rrjetin Alumni p\u00ebr karrier\u00eb, pun\u00ebsim dhe aktivitete profesionale.\",\"breadcrumb\":{\"@id\":\"https:\\\/\\\/uamd.edu.al\\\/alumni-uamd\\\/#breadcrumb\"},\"inLanguage\":\"en-US\",\"potentialAction\":[{\"@type\":\"ReadAction\",\"target\":[\"https:\\\/\\\/uamd.edu.al\\\/alumni-uamd\\\/\"]}]},{\"@type\":\"BreadcrumbList\",\"@id\":\"https:\\\/\\\/uamd.edu.al\\\/alumni-uamd\\\/#breadcrumb\",\"itemListElement\":[{\"@type\":\"ListItem\",\"position\":1,\"name\":\"Home\",\"item\":\"https:\\\/\\\/uamd.edu.al\\\/\"},{\"@type\":\"ListItem\",\"position\":2,\"name\":\"Alumni\"}]},{\"@type\":\"WebSite\",\"@id\":\"https:\\\/\\\/uamd.edu.al\\\/#website\",\"url\":\"https:\\\/\\\/uamd.edu.al\\\/\",\"name\":\"Universiteti &quot;Aleksand\u00ebr Moisiu&quot;\",\"description\":\"\",\"publisher\":{\"@id\":\"https:\\\/\\\/uamd.edu.al\\\/#organization\"},\"potentialAction\":[{\"@type\":\"SearchAction\",\"target\":{\"@type\":\"EntryPoint\",\"urlTemplate\":\"https:\\\/\\\/uamd.edu.al\\\/?s={search_term_string}\"},\"query-input\":{\"@type\":\"PropertyValueSpecification\",\"valueRequired\":true,\"valueName\":\"search_term_string\"}}],\"inLanguage\":\"en-US\"},{\"@type\":\"Organization\",\"@id\":\"https:\\\/\\\/uamd.edu.al\\\/#organization\",\"name\":\"Universiteti Aleksand\u00ebr Moisiu\",\"url\":\"https:\\\/\\\/uamd.edu.al\\\/\",\"logo\":{\"@type\":\"ImageObject\",\"inLanguage\":\"en-US\",\"@id\":\"https:\\\/\\\/uamd.edu.al\\\/#\\\/schema\\\/logo\\\/image\\\/\",\"url\":\"https:\\\/\\\/uamd.edu.al\\\/wp-content\\\/uploads\\\/2022\\\/07\\\/cropped-Universiteti_i_Durresit__Aleksander_Moisiu_.svg.png\",\"contentUrl\":\"https:\\\/\\\/uamd.edu.al\\\/wp-content\\\/uploads\\\/2022\\\/07\\\/cropped-Universiteti_i_Durresit__Aleksander_Moisiu_.svg.png\",\"width\":512,\"height\":512,\"caption\":\"Universiteti Aleksand\u00ebr Moisiu\"},\"image\":{\"@id\":\"https:\\\/\\\/uamd.edu.al\\\/#\\\/schema\\\/logo\\\/image\\\/\"},\"sameAs\":[\"https:\\\/\\\/www.instagram.com\\\/uamdofficial\\\/\",\"https:\\\/\\\/x.com\\\/UAMDofficial\"]}]}<\/script>\n<!-- \/ Yoast SEO plugin. -->","yoast_head_json":{"title":"Alumni UAMD \u2013 Rrjeti i t\u00eb Diplomuarve n\u00eb \"UAMD\"","description":"Zbuloni mund\u00ebsit\u00eb dhe sh\u00ebrbimet p\u00ebr t\u00eb diplomuarit e \"UAMD\" . Bashkohuni me rrjetin Alumni p\u00ebr karrier\u00eb, pun\u00ebsim dhe aktivitete profesionale.","robots":{"index":"index","follow":"follow","max-snippet":"max-snippet:-1","max-image-preview":"max-image-preview:large","max-video-preview":"max-video-preview:-1"},"canonical":"https:\/\/uamd.edu.al\/en\/alumni-uamd\/","og_locale":"en_US","og_type":"article","og_title":"Alumni UAMD \u2013 Rrjeti i t\u00eb Diplomuarve n\u00eb \"UAMD\"","og_description":"Zbuloni mund\u00ebsit\u00eb dhe sh\u00ebrbimet p\u00ebr t\u00eb diplomuarit e \"UAMD\" . Bashkohuni me rrjetin Alumni p\u00ebr karrier\u00eb, pun\u00ebsim dhe aktivitete profesionale.","og_url":"https:\/\/uamd.edu.al\/en\/alumni-uamd\/","og_site_name":"Universiteti &quot;Aleksand\u00ebr Moisiu&quot;","article_publisher":"https:\/\/www.instagram.com\/uamdofficial\/","article_modified_time":"2025-05-09T11:37:23+00:00","twitter_card":"summary_large_image","twitter_site":"@UAMDofficial","schema":{"@context":"https:\/\/schema.org","@graph":[{"@type":"WebPage","@id":"https:\/\/uamd.edu.al\/alumni-uamd\/","url":"https:\/\/uamd.edu.al\/alumni-uamd\/","name":"Alumni UAMD \u2013 Rrjeti i t\u00eb Diplomuarve n\u00eb \"UAMD\"","isPartOf":{"@id":"https:\/\/uamd.edu.al\/#website"},"datePublished":"2024-11-14T15:02:27+00:00","dateModified":"2025-05-09T11:37:23+00:00","description":"Zbuloni mund\u00ebsit\u00eb dhe sh\u00ebrbimet p\u00ebr t\u00eb diplomuarit e \"UAMD\" . Bashkohuni me rrjetin Alumni p\u00ebr karrier\u00eb, pun\u00ebsim dhe aktivitete profesionale.","breadcrumb":{"@id":"https:\/\/uamd.edu.al\/alumni-uamd\/#breadcrumb"},"inLanguage":"en-US","potentialAction":[{"@type":"ReadAction","target":["https:\/\/uamd.edu.al\/alumni-uamd\/"]}]},{"@type":"BreadcrumbList","@id":"https:\/\/uamd.edu.al\/alumni-uamd\/#breadcrumb","itemListElement":[{"@type":"ListItem","position":1,"name":"Home","item":"https:\/\/uamd.edu.al\/"},{"@type":"ListItem","position":2,"name":"Alumni"}]},{"@type":"WebSite","@id":"https:\/\/uamd.edu.al\/#website","url":"https:\/\/uamd.edu.al\/","name":"Universiteti &quot;Aleksand\u00ebr Moisiu&quot;","description":"","publisher":{"@id":"https:\/\/uamd.edu.al\/#organization"},"potentialAction":[{"@type":"SearchAction","target":{"@type":"EntryPoint","urlTemplate":"https:\/\/uamd.edu.al\/?s={search_term_string}"},"query-input":{"@type":"PropertyValueSpecification","valueRequired":true,"valueName":"search_term_string"}}],"inLanguage":"en-US"},{"@type":"Organization","@id":"https:\/\/uamd.edu.al\/#organization","name":"Universiteti Aleksand\u00ebr Moisiu","url":"https:\/\/uamd.edu.al\/","logo":{"@type":"ImageObject","inLanguage":"en-US","@id":"https:\/\/uamd.edu.al\/#\/schema\/logo\/image\/","url":"https:\/\/uamd.edu.al\/wp-content\/uploads\/2022\/07\/cropped-Universiteti_i_Durresit__Aleksander_Moisiu_.svg.png","contentUrl":"https:\/\/uamd.edu.al\/wp-content\/uploads\/2022\/07\/cropped-Universiteti_i_Durresit__Aleksander_Moisiu_.svg.png","width":512,"height":512,"caption":"Universiteti Aleksand\u00ebr Moisiu"},"image":{"@id":"https:\/\/uamd.edu.al\/#\/schema\/logo\/image\/"},"sameAs":["https:\/\/www.instagram.com\/uamdofficial\/","https:\/\/x.com\/UAMDofficial"]}]}},"_links":{"self":[{"href":"https:\/\/uamd.edu.al\/en\/wp-json\/wp\/v2\/pages\/14321","targetHints":{"allow":["GET"]}}],"collection":[{"href":"https:\/\/uamd.edu.al\/en\/wp-json\/wp\/v2\/pages"}],"about":[{"href":"https:\/\/uamd.edu.al\/en\/wp-json\/wp\/v2\/types\/page"}],"author":[{"embeddable":true,"href":"https:\/\/uamd.edu.al\/en\/wp-json\/wp\/v2\/users\/1"}],"replies":[{"embeddable":true,"href":"https:\/\/uamd.edu.al\/en\/wp-json\/wp\/v2\/comments?post=14321"}],"version-history":[{"count":0,"href":"https:\/\/uamd.edu.al\/en\/wp-json\/wp\/v2\/pages\/14321\/revisions"}],"wp:attachment":[{"href":"https:\/\/uamd.edu.al\/en\/wp-json\/wp\/v2\/media?parent=14321"}],"curies":[{"name":"wp","href":"https:\/\/api.w.org\/{rel}","templated":true}]}}